{"id":8,"date":"2024-03-21T12:17:01","date_gmt":"2024-03-21T12:17:01","guid":{"rendered":"https:\/\/gaesteneste.de\/?page_id=8"},"modified":"2025-08-12T12:08:37","modified_gmt":"2025-08-12T12:08:37","slug":"gasteneste","status":"publish","type":"page","link":"https:\/\/gaesteneste.de\/?page_id=8","title":{"rendered":"G\u00c4STENESTE"},"content":{"rendered":"\n<div class=\"wp-block-group alignwide has-accent-4-background-color has-background is-vertical is-content-justification-center is-nowrap is-layout-flex wp-container-core-group-is-layout-2215816d wp-block-group-is-layout-flex\" style=\"min-height:100vh;margin-top:0;margin-bottom:0;padding-top:var(--wp--preset--spacing--50);padding-right:var(--wp--preset--spacing--50);padding-bottom:var(--wp--preset--spacing--50);padding-left:var(--wp--preset--spacing--50)\">\n<div class=\"wp-block-columns alignwide are-vertically-aligned-center is-layout-flex wp-container-core-columns-is-layout-47c06fe3 wp-block-columns-is-layout-flex\">\n<div class=\"wp-block-column is-vertically-aligned-top is-layout-flow wp-block-column-is-layout-flow\" style=\"flex-basis:60%\">\n<figure class=\"wp-block-image size-large is-style-rounded is-style-rounded--1\"><img loading=\"lazy\" decoding=\"async\" width=\"778\" height=\"1024\" src=\"https:\/\/gaesteneste.de\/wp-content\/uploads\/2024\/03\/Test-Transparenz-778x1024.jpeg\" alt=\"\" class=\"wp-image-9\" style=\"aspect-ratio:3\/4;object-fit:cover\" srcset=\"https:\/\/gaesteneste.de\/wp-content\/uploads\/2024\/03\/Test-Transparenz-778x1024.jpeg 778w, https:\/\/gaesteneste.de\/wp-content\/uploads\/2024\/03\/Test-Transparenz-228x300.jpeg 228w, https:\/\/gaesteneste.de\/wp-content\/uploads\/2024\/03\/Test-Transparenz-768x1011.jpeg 768w, https:\/\/gaesteneste.de\/wp-content\/uploads\/2024\/03\/Test-Transparenz.jpeg 1105w\" sizes=\"auto, (max-width: 778px) 100vw, 778px\" \/><\/figure>\n<\/div>\n\n\n\n<div class=\"wp-block-column is-vertically-aligned-center is-layout-flow wp-block-column-is-layout-flow\" style=\"flex-basis:40%\">\n<div class=\"wp-block-group is-layout-flow wp-container-core-group-is-layout-8f7ed23f wp-block-group-is-layout-flow\" style=\"min-height:100%;margin-top:0;margin-bottom:0;padding-right:0;padding-left:0\">\n<h1 class=\"wp-block-heading has-text-align-right\" style=\"margin-right:0;margin-left:calc( var(--wp--preset--spacing--20) * -1);font-size:clamp(2.503rem, 2.503rem + ((1vw - 0.2rem) * 3.662), 4.7rem);font-style:normal;font-weight:100;line-height:1;writing-mode:vertical-rl\">ERZGEBIRGSNEST<\/h1>\n\n\n\n<div class=\"wp-block-group has-global-padding is-content-justification-left is-layout-constrained wp-container-core-group-is-layout-0207514c wp-block-group-is-layout-constrained\" style=\"padding-right:0;padding-left:0\">\n<p class=\"wp-container-content-0733e5d0\">Hier entsteht in K\u00fcrze f\u00fcr Sie eine neue Internetpr\u00e4senz. <\/p>\n\n\n\n<div class=\"wp-block-buttons is-layout-flex wp-block-buttons-is-layout-flex\">\n<div class=\"wp-block-button\"><a class=\"wp-block-button__link wp-element-button\">Kontakt<\/a><\/div>\n<\/div>\n<\/div>\n<\/div>\n<\/div>\n<\/div>\n<\/div>\n\n\n\n<h2 class=\"wp-block-heading\"><\/h2>\n\n\n\n<figure class=\"wp-block-image size-large\"><img loading=\"lazy\" decoding=\"async\" width=\"1024\" height=\"685\" src=\"https:\/\/gaesteneste.de\/wp-content\/uploads\/2025\/08\/IMG_1786-1024x685.jpeg\" alt=\"\" class=\"wp-image-17\" srcset=\"https:\/\/gaesteneste.de\/wp-content\/uploads\/2025\/08\/IMG_1786-1024x685.jpeg 1024w, https:\/\/gaesteneste.de\/wp-content\/uploads\/2025\/08\/IMG_1786-300x201.jpeg 300w, https:\/\/gaesteneste.de\/wp-content\/uploads\/2025\/08\/IMG_1786-768x514.jpeg 768w, https:\/\/gaesteneste.de\/wp-content\/uploads\/2025\/08\/IMG_1786-1536x1028.jpeg 1536w, https:\/\/gaesteneste.de\/wp-content\/uploads\/2025\/08\/IMG_1786.jpeg 1928w\" sizes=\"auto, (max-width: 1024px) 100vw, 1024px\" \/><figcaption class=\"wp-element-caption\">Screenshot<\/figcaption><\/figure>\n","protected":false},"excerpt":{"rendered":"<p>ERZGEBIRGSNEST Hier entsteht in K\u00fcrze f\u00fcr Sie eine neue Internetpr\u00e4senz.<\/p>\n","protected":false},"author":1,"featured_media":0,"parent":0,"menu_order":0,"comment_status":"closed","ping_status":"closed","template":"","meta":{"footnotes":""},"class_list":["post-8","page","type-page","status-publish","hentry"],"_links":{"self":[{"href":"https:\/\/gaesteneste.de\/index.php?rest_route=\/wp\/v2\/pages\/8","targetHints":{"allow":["GET"]}}],"collection":[{"href":"https:\/\/gaesteneste.de\/index.php?rest_route=\/wp\/v2\/pages"}],"about":[{"href":"https:\/\/gaesteneste.de\/index.php?rest_route=\/wp\/v2\/types\/page"}],"author":[{"embeddable":true,"href":"https:\/\/gaesteneste.de\/index.php?rest_route=\/wp\/v2\/users\/1"}],"replies":[{"embeddable":true,"href":"https:\/\/gaesteneste.de\/index.php?rest_route=%2Fwp%2Fv2%2Fcomments&post=8"}],"version-history":[{"count":3,"href":"https:\/\/gaesteneste.de\/index.php?rest_route=\/wp\/v2\/pages\/8\/revisions"}],"predecessor-version":[{"id":19,"href":"https:\/\/gaesteneste.de\/index.php?rest_route=\/wp\/v2\/pages\/8\/revisions\/19"}],"wp:attachment":[{"href":"https:\/\/gaesteneste.de\/index.php?rest_route=%2Fwp%2Fv2%2Fmedia&parent=8"}],"curies":[{"name":"wp","href":"https:\/\/api.w.org\/{rel}","templated":true}]}}